{"id":7560,"date":"2025-07-01T16:39:02","date_gmt":"2025-07-01T14:39:02","guid":{"rendered":"https:\/\/www.campingmiravalle.it\/erklaerung-zur-zugaenglichkeit\/"},"modified":"2025-09-18T09:39:51","modified_gmt":"2025-09-18T07:39:51","slug":"erklaerung-zur-zugaenglichkeit","status":"publish","type":"page","link":"https:\/\/www.campingmiravalle.it\/de\/erklaerung-zur-zugaenglichkeit\/","title":{"rendered":"Erkl\u00e4rung zur Zug\u00e4nglichkeit"},"content":{"rendered":"\t\t<div data-elementor-type=\"wp-page\" data-elementor-id=\"7560\" class=\"elementor elementor-7560 elementor-7552\" data-elementor-post-type=\"page\">\n\t\t\t\t<div class=\"elementor-element elementor-element-a890083 e-flex e-con-boxed e-con e-parent\" data-id=\"a890083\" data-element_type=\"container\" data-e-type=\"container\">\n\t\t\t\t\t<div class=\"e-con-inner\">\n\t\t<div class=\"elementor-element elementor-element-1adf1e8 e-con-full e-flex e-con e-child\" data-id=\"1adf1e8\" data-element_type=\"container\" data-e-type=\"container\" data-settings=\"{&quot;background_background&quot;:&quot;classic&quot;}\">\n\t\t\t\t<div class=\"elementor-element elementor-element-16664fe elementor-widget elementor-widget-shortcode\" data-id=\"16664fe\" data-element_type=\"widget\" data-e-type=\"widget\" data-widget_type=\"shortcode.default\">\n\t\t\t\t<div class=\"elementor-widget-container\">\n\t\t\t\t\t\t\t<div class=\"elementor-shortcode\"><h1>Erkl\u00e4rung zur Zug\u00e4nglichkeit<\/h1><h2>Camping Miravalle<\/h2><p>Str\u00e8da de Greva, 39 38031 Campitello di Fassa (TN), Italia<\/p><p><a href=\"mailto:info@campingmiravalle.it\">info@campingmiravalle.it<\/a><\/p><p>Miravalle s.r.l. - <br>\r\nP.IVA e CF: 01888020227<br>\r\nN. Iscr. Reg. Imprese: 01888020227 di TN<br>\r\nREA n. tn185153<br>\r\nCapitale Sociale: \u20ac 25000<br>\r\nPEC: campingmiravalle@pec.it<br>\r\nCIR: C00046<br>\r\nCIN: IT022036B18FXGYW2N<\/p><p>Die Website wurde am <strong>6 Juni 2023<\/strong> ver\u00f6ffentlicht<br>Die Website wurde am <strong>19 April 2026<\/strong> aktualisiert<\/p><h2>Konformit\u00e4t<\/h2><p>Diese Website ist teilweise konform mit den Anforderungen von Anhang A der Norm UNI CEI EN 301 549 (WCAG 2.1 Stufe AA).<\/p><h2>Nicht barrierefreie Inhalte<\/h2><ul><li>Einige Elemente erf\u00fcllen nicht die Anforderungen an den Farbkontrast<\/li><li>Brotkr\u00fcmelnavigation nicht vorhanden<\/li><li>PDF-Dateien sind nicht vollst\u00e4ndig barrierefrei<\/li><\/ul><h2>Erkl\u00e4rung verfasst von Camping Miravalle<\/h2><p>Network Service Srl, basierend auf einer internen Bewertung vom 19 April 2026.<br> Die Erkl\u00e4rung wurde auf Grundlage einer Bewertung gem\u00e4\u00df der Richtlinie (EU) 2016\/2102 erstellt, durch eine Selbsteinsch\u00e4tzung von Network Service Srl mit Unterst\u00fctzung automatisierter Tools.<\/p><h2>Meldung von Problemen<\/h2><p>Sie k\u00f6nnen Barrierefreiheitsprobleme melden an:<br> E-Mail: <span style=\"text-decoration: underline;\"><a href=\"mailto:accessibilita@network-service.it\">accessibilita@network-service.it<\/a><\/span><br> Wir antworten innerhalb von 30 Werktagen.<\/p><h2>Meldung an AgID<\/h2><p>Wenn die Antwort nicht zufriedenstellend ist, k\u00f6nnen Sie eine Meldung an AgID senden: protocollo@pec.agid.gov.it.<\/p><\/div><style>\r\n        h1 { color: var(--e-global-color-primary); font-size: 40px !important; }\r\n        h2 { color: var(--e-global-color-text); font-size: 24px !important; }\r\n        p, a, li  { color: var(--e-global-color-text); font-size: 16px !important; }\r\n    <\/style><\/div>\n\t\t\t\t\t\t<\/div>\n\t\t\t\t<\/div>\n\t\t\t\t<\/div>\n\t\t\t\t\t<\/div>\n\t\t\t\t<\/div>\n\t\t\t\t<\/div>\n\t\t","protected":false},"excerpt":{"rendered":"","protected":false},"author":2,"featured_media":0,"parent":0,"menu_order":0,"comment_status":"closed","ping_status":"closed","template":"elementor_canvas","meta":{"_acf_changed":false,"footnotes":""},"class_list":["post-7560","page","type-page","status-publish","hentry"],"acf":[],"_links":{"self":[{"href":"https:\/\/www.campingmiravalle.it\/de\/wp-json\/wp\/v2\/pages\/7560","targetHints":{"allow":["GET"]}}],"collection":[{"href":"https:\/\/www.campingmiravalle.it\/de\/wp-json\/wp\/v2\/pages"}],"about":[{"href":"https:\/\/www.campingmiravalle.it\/de\/wp-json\/wp\/v2\/types\/page"}],"author":[{"embeddable":true,"href":"https:\/\/www.campingmiravalle.it\/de\/wp-json\/wp\/v2\/users\/2"}],"replies":[{"embeddable":true,"href":"https:\/\/www.campingmiravalle.it\/de\/wp-json\/wp\/v2\/comments?post=7560"}],"version-history":[{"count":2,"href":"https:\/\/www.campingmiravalle.it\/de\/wp-json\/wp\/v2\/pages\/7560\/revisions"}],"predecessor-version":[{"id":7624,"href":"https:\/\/www.campingmiravalle.it\/de\/wp-json\/wp\/v2\/pages\/7560\/revisions\/7624"}],"wp:attachment":[{"href":"https:\/\/www.campingmiravalle.it\/de\/wp-json\/wp\/v2\/media?parent=7560"}],"curies":[{"name":"wp","href":"https:\/\/api.w.org\/{rel}","templated":true}]}}