{"id":5970,"date":"2024-01-04T08:56:46","date_gmt":"2024-01-04T07:56:46","guid":{"rendered":"https:\/\/www.campingmiravalle.it\/winteraktivitaeten-im-freien\/"},"modified":"2024-01-04T09:24:07","modified_gmt":"2024-01-04T08:24:07","slug":"winteraktivitaeten-im-freien","status":"publish","type":"page","link":"https:\/\/www.campingmiravalle.it\/de\/winteraktivitaeten-im-freien\/","title":{"rendered":"Winteraktivit\u00e4ten im Freien"},"content":{"rendered":"\t\t<div data-elementor-type=\"wp-page\" data-elementor-id=\"5970\" class=\"elementor elementor-5970 elementor-5926\" data-elementor-post-type=\"page\">\n\t\t\t\t<div class=\"elementor-element elementor-element-b0950a8 e-con-full e-flex e-con e-parent\" data-id=\"b0950a8\" data-element_type=\"container\" data-e-type=\"container\">\n\t\t\t\t<div class=\"elementor-element elementor-element-a10e0cb elementor-absolute elementor-widget elementor-widget-image\" data-id=\"a10e0cb\" data-element_type=\"widget\" data-e-type=\"widget\" data-settings=\"{&quot;_position&quot;:&quot;absolute&quot;}\" data-widget_type=\"image.default\">\n\t\t\t\t<div class=\"elementor-widget-container\">\n\t\t\t\t\t\t\t\t\t\t\t\t\t\t\t<img fetchpriority=\"high\" decoding=\"async\" width=\"2000\" height=\"183\" src=\"https:\/\/www.campingmiravalle.it\/wp-content\/uploads\/2023\/06\/pinibianchi-scaled.webp\" class=\"attachment-full size-full wp-image-2561\" alt=\"\" srcset=\"https:\/\/www.campingmiravalle.it\/wp-content\/uploads\/2023\/06\/pinibianchi-scaled.webp 2000w, https:\/\/www.campingmiravalle.it\/wp-content\/uploads\/2023\/06\/pinibianchi-300x27.webp 300w, https:\/\/www.campingmiravalle.it\/wp-content\/uploads\/2023\/06\/pinibianchi-1024x94.webp 1024w, https:\/\/www.campingmiravalle.it\/wp-content\/uploads\/2023\/06\/pinibianchi-768x70.webp 768w, https:\/\/www.campingmiravalle.it\/wp-content\/uploads\/2023\/06\/pinibianchi-1536x141.webp 1536w, https:\/\/www.campingmiravalle.it\/wp-content\/uploads\/2023\/06\/pinibianchi-2048x188.webp 2048w\" sizes=\"(max-width: 2000px) 100vw, 2000px\" \/>\t\t\t\t\t\t\t\t\t\t\t\t\t\t\t<\/div>\n\t\t\t\t<\/div>\n\t\t\t\t<div class=\"elementor-element elementor-element-1fe26e1 slidertop elementor--h-position-center elementor--v-position-middle elementor-arrows-position-inside elementor-pagination-position-inside elementor-widget elementor-widget-slides\" data-id=\"1fe26e1\" data-element_type=\"widget\" data-e-type=\"widget\" data-settings=\"{&quot;navigation&quot;:&quot;both&quot;,&quot;autoplay&quot;:&quot;yes&quot;,&quot;pause_on_hover&quot;:&quot;yes&quot;,&quot;pause_on_interaction&quot;:&quot;yes&quot;,&quot;autoplay_speed&quot;:5000,&quot;infinite&quot;:&quot;yes&quot;,&quot;transition&quot;:&quot;slide&quot;,&quot;transition_speed&quot;:500}\" data-widget_type=\"slides.default\">\n\t\t\t\t<div class=\"elementor-widget-container\">\n\t\t\t\t\t\t\t\t\t<div class=\"elementor-swiper\">\n\t\t\t\t\t<div class=\"elementor-slides-wrapper elementor-main-swiper swiper\" role=\"region\" aria-roledescription=\"carousel\" aria-label=\"Slider\" dir=\"ltr\" data-animation=\"fadeInUp\">\n\t\t\t\t<div class=\"swiper-wrapper elementor-slides\">\n\t\t\t\t\t\t\t\t\t\t<div class=\"elementor-repeater-item-2de1efb swiper-slide\" role=\"group\" aria-roledescription=\"slide\"><div class=\"swiper-slide-bg elementor-ken-burns elementor-ken-burns--in\" role=\"img\" aria-label=\"Villaggio di montagna innevato al tramonto con luci calde delle case.\"><\/div><div class=\"swiper-slide-inner\" ><div class=\"swiper-slide-contents\"><\/div><\/div><\/div><div class=\"elementor-repeater-item-c37125c swiper-slide\" role=\"group\" aria-roledescription=\"slide\"><div class=\"swiper-slide-bg elementor-ken-burns elementor-ken-burns--in\" role=\"img\" aria-label=\"Seggiovia su paesaggio innevato al tramonto.\"><\/div><div class=\"swiper-slide-inner\" ><div class=\"swiper-slide-contents\"><\/div><\/div><\/div><div class=\"elementor-repeater-item-f75ed09 swiper-slide\" role=\"group\" aria-roledescription=\"slide\"><div class=\"swiper-slide-bg elementor-ken-burns elementor-ken-burns--in\" role=\"img\" aria-label=\"Sciatori su una pista innevata con montagne sullo sfondo in una giornata di sole.\"><\/div><div class=\"swiper-slide-inner\" ><div class=\"swiper-slide-contents\"><\/div><\/div><\/div>\t\t\t\t<\/div>\n\t\t\t\t\t\t\t\t\t\t\t\t\t\t\t<div class=\"elementor-swiper-button elementor-swiper-button-prev\" role=\"button\" tabindex=\"0\" aria-label=\"Vorheriger Slide\">\n\t\t\t\t\t\t\t<i aria-hidden=\"true\" class=\"eicon-chevron-left\"><\/i>\t\t\t\t\t\t<\/div>\n\t\t\t\t\t\t<div class=\"elementor-swiper-button elementor-swiper-button-next\" role=\"button\" tabindex=\"0\" aria-label=\"N\u00e4chster Slide\">\n\t\t\t\t\t\t\t<i aria-hidden=\"true\" class=\"eicon-chevron-right\"><\/i>\t\t\t\t\t\t<\/div>\n\t\t\t\t\t\t\t\t\t\t\t\t\t\t\t\t<div class=\"swiper-pagination\"><\/div>\n\t\t\t\t\t\t\t\t\t\t\t\t<\/div>\n\t\t\t\t<\/div>\n\t\t\t\t\t\t\t\t<\/div>\n\t\t\t\t<\/div>\n\t\t\t\t<\/div>\n\t\t<div class=\"elementor-element elementor-element-f1309db e-flex e-con-boxed e-con e-parent\" data-id=\"f1309db\" data-element_type=\"container\" data-e-type=\"container\">\n\t\t\t\t\t<div class=\"e-con-inner\">\n\t\t<div class=\"elementor-element elementor-element-b73512e e-con-full e-flex e-con e-child\" data-id=\"b73512e\" data-element_type=\"container\" data-e-type=\"container\">\n\t\t\t\t<div class=\"elementor-element elementor-element-5397da2 elementor-widget elementor-widget-heading\" data-id=\"5397da2\" data-element_type=\"widget\" data-e-type=\"widget\" data-widget_type=\"heading.default\">\n\t\t\t\t<div class=\"elementor-widget-container\">\n\t\t\t\t\t<h2 class=\"elementor-heading-title elementor-size-default\">Campitello di Fassa<\/h2>\t\t\t\t<\/div>\n\t\t\t\t<\/div>\n\t\t\t\t<div class=\"elementor-element elementor-element-0b41d7d elementor-widget elementor-widget-heading\" data-id=\"0b41d7d\" data-element_type=\"widget\" data-e-type=\"widget\" data-widget_type=\"heading.default\">\n\t\t\t\t<div class=\"elementor-widget-container\">\n\t\t\t\t\t<h1 class=\"elementor-heading-title elementor-size-default\">Aktivit\u00e4ten im Fassatal im Winter<\/h1>\t\t\t\t<\/div>\n\t\t\t\t<\/div>\n\t\t\t\t<div class=\"elementor-element elementor-element-cdd4a72 elementor-widget elementor-widget-heading\" data-id=\"cdd4a72\" data-element_type=\"widget\" data-e-type=\"widget\" data-widget_type=\"heading.default\">\n\t\t\t\t<div class=\"elementor-widget-container\">\n\t\t\t\t\t<h2 class=\"elementor-heading-title elementor-size-default\">Entdecken Sie das Vergn\u00fcgen, Outdoor-Erlebnisse zu erleben<\/h2>\t\t\t\t<\/div>\n\t\t\t\t<\/div>\n\t\t\t\t<div class=\"elementor-element elementor-element-06a8cf8 elementor-widget elementor-widget-text-editor\" data-id=\"06a8cf8\" data-element_type=\"widget\" data-e-type=\"widget\" data-widget_type=\"text-editor.default\">\n\t\t\t\t<div class=\"elementor-widget-container\">\n\t\t\t\t\t\t\t\t\t<p>Nutzen Sie unsere Kooperationen, um die Gegend dank verschiedener Aktivit\u00e4ten zu erm\u00e4\u00dfigten Preisen auch im Winter zu erleben.<\/p>\n<p>Um Ihnen als Gast ein vielf\u00e4ltiges Erlebnisangebot zu bieten, haben wir uns dem Winterprogramm angeschlossen!<\/p>\n<p>W\u00e4hlen Sie einfach aus den verschiedenen Vorschl\u00e4gen unten Ihre Lieblingsaktivit\u00e4t aus und buchen Sie sie.<\/p>\n\t\t\t\t\t\t\t\t<\/div>\n\t\t\t\t<\/div>\n\t\t<div class=\"elementor-element elementor-element-c1af740 e-flex e-con-boxed e-con e-child\" data-id=\"c1af740\" data-element_type=\"container\" data-e-type=\"container\">\n\t\t\t\t\t<div class=\"e-con-inner\">\n\t\t\t\t<div class=\"elementor-element elementor-element-92217c2 elementor-widget elementor-widget-html\" data-id=\"92217c2\" data-element_type=\"widget\" data-e-type=\"widget\" data-widget_type=\"html.default\">\n\t\t\t\t<div class=\"elementor-widget-container\">\n\t\t\t\t\t<!-- FareHarbor item grid of flow #308061 -->\r\n<script src=\"https:\/\/fareharbor.com\/embeds\/script\/items\/fassasport\/?full-items=yes&fallback=simple&ref=exclusive-asn&sheet-uuid=8b75c299-c3b9-4730-93f9-0441cd2cad5c&asn=dolomitiexclusive-eur&asn-ref=exclusive-asn&flow=308061\"><\/script>\r\n<!-- FareHarbor Lightframe API - do not remove - see: https:\/\/fareharbor.com\/help\/website\/resources\/lightframe-api\/ -->\r\n<script src=\"https:\/\/fareharbor.com\/embeds\/api\/v1\/?autolightframe=yes\"><\/script>\t\t\t\t<\/div>\n\t\t\t\t<\/div>\n\t\t\t\t\t<\/div>\n\t\t\t\t<\/div>\n\t\t\t\t<\/div>\n\t\t\t\t\t<\/div>\n\t\t\t\t<\/div>\n\t\t<div class=\"elementor-element elementor-element-ace1447 e-con-full e-flex e-con e-parent\" data-id=\"ace1447\" data-element_type=\"container\" data-e-type=\"container\" data-settings=\"{&quot;background_background&quot;:&quot;classic&quot;}\">\n\t\t\t\t<div class=\"elementor-element elementor-element-bec7637 elementor-widget elementor-widget-template\" data-id=\"bec7637\" data-element_type=\"widget\" data-e-type=\"widget\" data-widget_type=\"template.default\">\n\t\t\t\t<div class=\"elementor-widget-container\">\n\t\t\t\t\t\t\t<div class=\"elementor-template\">\n\t\t\t\t\t<div data-elementor-type=\"container\" data-elementor-id=\"4424\" class=\"elementor elementor-4424 elementor-1381 elementor-1381\" data-elementor-post-type=\"elementor_library\">\n\t\t\t\t<div class=\"elementor-element elementor-element-a228187 nooffers-footer e-flex e-con-boxed e-con e-parent\" data-id=\"a228187\" data-element_type=\"container\" data-e-type=\"container\" data-settings=\"{&quot;background_background&quot;:&quot;classic&quot;}\">\n\t\t\t\t\t<div class=\"e-con-inner\">\n\t\t\t\t<div class=\"elementor-element elementor-element-87813d9 elementor-absolute elementor-widget elementor-widget-image\" data-id=\"87813d9\" data-element_type=\"widget\" data-e-type=\"widget\" data-settings=\"{&quot;_position&quot;:&quot;absolute&quot;}\" data-widget_type=\"image.default\">\n\t\t\t\t<div class=\"elementor-widget-container\">\n\t\t\t\t\t\t\t\t\t\t\t\t\t\t\t<img decoding=\"async\" width=\"2000\" height=\"183\" src=\"https:\/\/www.campingmiravalle.it\/wp-content\/uploads\/2023\/06\/piniverdi2-scaled.webp\" class=\"attachment-full size-full wp-image-2609\" alt=\"\" srcset=\"https:\/\/www.campingmiravalle.it\/wp-content\/uploads\/2023\/06\/piniverdi2-scaled.webp 2000w, https:\/\/www.campingmiravalle.it\/wp-content\/uploads\/2023\/06\/piniverdi2-300x27.webp 300w, https:\/\/www.campingmiravalle.it\/wp-content\/uploads\/2023\/06\/piniverdi2-1024x94.webp 1024w, https:\/\/www.campingmiravalle.it\/wp-content\/uploads\/2023\/06\/piniverdi2-768x70.webp 768w, https:\/\/www.campingmiravalle.it\/wp-content\/uploads\/2023\/06\/piniverdi2-1536x141.webp 1536w, https:\/\/www.campingmiravalle.it\/wp-content\/uploads\/2023\/06\/piniverdi2-2048x188.webp 2048w\" sizes=\"(max-width: 2000px) 100vw, 2000px\" loading=\"lazy\" \/>\t\t\t\t\t\t\t\t\t\t\t\t\t\t\t<\/div>\n\t\t\t\t<\/div>\n\t\t\t\t<div class=\"elementor-element elementor-element-d9d9cf0 elementor-widget elementor-widget-heading\" data-id=\"d9d9cf0\" data-element_type=\"widget\" data-e-type=\"widget\" data-widget_type=\"heading.default\">\n\t\t\t\t<div class=\"elementor-widget-container\">\n\t\t\t\t\t<h2 class=\"elementor-heading-title elementor-size-default\">Momentan sind keine Angebote verf\u00fcgbar!<\/h2>\t\t\t\t<\/div>\n\t\t\t\t<\/div>\n\t\t\t\t<div class=\"elementor-element elementor-element-b47e33f elementor-widget elementor-widget-spacer\" data-id=\"b47e33f\" data-element_type=\"widget\" data-e-type=\"widget\" data-widget_type=\"spacer.default\">\n\t\t\t\t<div class=\"elementor-widget-container\">\n\t\t\t\t\t\t\t<div class=\"elementor-spacer\">\n\t\t\t<div class=\"elementor-spacer-inner\"><\/div>\n\t\t<\/div>\n\t\t\t\t\t\t<\/div>\n\t\t\t\t<\/div>\n\t\t\t\t<div class=\"elementor-element elementor-element-4ba7d44 elementor-widget elementor-widget-heading\" data-id=\"4ba7d44\" data-element_type=\"widget\" data-e-type=\"widget\" data-widget_type=\"heading.default\">\n\t\t\t\t<div class=\"elementor-widget-container\">\n\t\t\t\t\t<p class=\"elementor-heading-title elementor-size-default\">Kontaktiere uns direkt, um Promotionen und Angebote f\u00fcr dich zu entdecken.<\/p>\t\t\t\t<\/div>\n\t\t\t\t<\/div>\n\t\t\t\t<div class=\"elementor-element elementor-element-9a272dc elementor-widget elementor-widget-spacer\" data-id=\"9a272dc\" data-element_type=\"widget\" data-e-type=\"widget\" data-widget_type=\"spacer.default\">\n\t\t\t\t<div class=\"elementor-widget-container\">\n\t\t\t\t\t\t\t<div class=\"elementor-spacer\">\n\t\t\t<div class=\"elementor-spacer-inner\"><\/div>\n\t\t<\/div>\n\t\t\t\t\t\t<\/div>\n\t\t\t\t<\/div>\n\t\t\t\t<div class=\"elementor-element elementor-element-a6edc40 elementor-align-center elementor-widget elementor-widget-button\" data-id=\"a6edc40\" data-element_type=\"widget\" data-e-type=\"widget\" data-widget_type=\"button.default\">\n\t\t\t\t<div class=\"elementor-widget-container\">\n\t\t\t\t\t\t\t\t\t<div class=\"elementor-button-wrapper\">\n\t\t\t\t\t<a class=\"elementor-button elementor-button-link elementor-size-xl\" href=\"https:\/\/www.campingmiravalle.it\/richiesta-informazioni\/\" title=\"Richiedi informazioni\">\n\t\t\t\t\t\t<span class=\"elementor-button-content-wrapper\">\n\t\t\t\t\t\t<span class=\"elementor-button-icon\">\n\t\t\t\t<i aria-hidden=\"true\" class=\"far fa-envelope\"><\/i>\t\t\t<\/span>\n\t\t\t\t\t\t\t\t\t<span class=\"elementor-button-text\">Demander des informations<\/span>\n\t\t\t\t\t<\/span>\n\t\t\t\t\t<\/a>\n\t\t\t\t<\/div>\n\t\t\t\t\t\t\t\t<\/div>\n\t\t\t\t<\/div>\n\t\t\t\t\t<\/div>\n\t\t\t\t<\/div>\n\t\t<div class=\"elementor-element elementor-element-b22d012 fascia-offerte e-flex e-con-boxed e-con e-parent\" data-id=\"b22d012\" data-element_type=\"container\" data-e-type=\"container\" data-settings=\"{&quot;background_background&quot;:&quot;classic&quot;}\">\n\t\t\t\t\t<div class=\"e-con-inner\">\n\t\t\t\t<div class=\"elementor-element elementor-element-a653c67 elementor-absolute elementor-widget elementor-widget-image\" data-id=\"a653c67\" data-element_type=\"widget\" data-e-type=\"widget\" data-settings=\"{&quot;_position&quot;:&quot;absolute&quot;}\" data-widget_type=\"image.default\">\n\t\t\t\t<div class=\"elementor-widget-container\">\n\t\t\t\t\t\t\t\t\t\t\t\t\t\t\t<img decoding=\"async\" width=\"2000\" height=\"183\" src=\"https:\/\/www.campingmiravalle.it\/wp-content\/uploads\/2023\/06\/piniverdi2-scaled.webp\" class=\"attachment-full size-full wp-image-2609\" alt=\"\" srcset=\"https:\/\/www.campingmiravalle.it\/wp-content\/uploads\/2023\/06\/piniverdi2-scaled.webp 2000w, https:\/\/www.campingmiravalle.it\/wp-content\/uploads\/2023\/06\/piniverdi2-300x27.webp 300w, https:\/\/www.campingmiravalle.it\/wp-content\/uploads\/2023\/06\/piniverdi2-1024x94.webp 1024w, https:\/\/www.campingmiravalle.it\/wp-content\/uploads\/2023\/06\/piniverdi2-768x70.webp 768w, https:\/\/www.campingmiravalle.it\/wp-content\/uploads\/2023\/06\/piniverdi2-1536x141.webp 1536w, https:\/\/www.campingmiravalle.it\/wp-content\/uploads\/2023\/06\/piniverdi2-2048x188.webp 2048w\" sizes=\"(max-width: 2000px) 100vw, 2000px\" loading=\"lazy\" \/>\t\t\t\t\t\t\t\t\t\t\t\t\t\t\t<\/div>\n\t\t\t\t<\/div>\n\t\t<div class=\"elementor-element elementor-element-8f55e53 e-con-full e-flex e-con e-child\" data-id=\"8f55e53\" data-element_type=\"container\" data-e-type=\"container\">\n\t\t\t\t<div class=\"elementor-element elementor-element-96eef37 elementor-widget elementor-widget-heading\" data-id=\"96eef37\" data-element_type=\"widget\" data-e-type=\"widget\" data-widget_type=\"heading.default\">\n\t\t\t\t<div class=\"elementor-widget-container\">\n\t\t\t\t\t<h2 class=\"elementor-heading-title elementor-size-default\">Sonderangebote &amp; Veranstaltungen<\/h2>\t\t\t\t<\/div>\n\t\t\t\t<\/div>\n\t\t\t\t<div class=\"elementor-element elementor-element-31a5445 elementor-widget elementor-widget-heading\" data-id=\"31a5445\" data-element_type=\"widget\" data-e-type=\"widget\" data-widget_type=\"heading.default\">\n\t\t\t\t<div class=\"elementor-widget-container\">\n\t\t\t\t\t<p class=\"elementor-heading-title elementor-size-default\">Entdecken Sie alle f\u00fcr Sie konzipierten Werbeaktionen<\/p>\t\t\t\t<\/div>\n\t\t\t\t<\/div>\n\t\t\t\t<div class=\"elementor-element elementor-element-54e577e elementor-align-right elementor-widget elementor-widget-button\" data-id=\"54e577e\" data-element_type=\"widget\" data-e-type=\"widget\" data-widget_type=\"button.default\">\n\t\t\t\t<div class=\"elementor-widget-container\">\n\t\t\t\t\t\t\t\t\t<div class=\"elementor-button-wrapper\">\n\t\t\t\t\t<a class=\"elementor-button elementor-button-link elementor-size-sm\" href=\"https:\/\/www.campingmiravalle.it\/de\/sonderangebote\/\">\n\t\t\t\t\t\t<span class=\"elementor-button-content-wrapper\">\n\t\t\t\t\t\t\t\t\t<span class=\"elementor-button-text\">Alle Angebote anzeigen<\/span>\n\t\t\t\t\t<\/span>\n\t\t\t\t\t<\/a>\n\t\t\t\t<\/div>\n\t\t\t\t\t\t\t\t<\/div>\n\t\t\t\t<\/div>\n\t\t\t\t<\/div>\n\t\t<div class=\"elementor-element elementor-element-114262e e-con-full e-flex e-con e-child\" data-id=\"114262e\" data-element_type=\"container\" data-e-type=\"container\">\n\t\t\t\t<div class=\"elementor-element elementor-element-be7bfe5 elementor-arrows-position-inside elementor-widget elementor-widget-loop-carousel\" data-id=\"be7bfe5\" data-element_type=\"widget\" data-e-type=\"widget\" data-settings=\"{&quot;template_id&quot;:6646,&quot;slides_to_show&quot;:&quot;2&quot;,&quot;_skin&quot;:&quot;post&quot;,&quot;slides_to_show_tablet&quot;:&quot;2&quot;,&quot;slides_to_show_mobile&quot;:&quot;1&quot;,&quot;slides_to_scroll&quot;:&quot;1&quot;,&quot;edit_handle_selector&quot;:&quot;.elementor-loop-container&quot;,&quot;autoplay&quot;:&quot;yes&quot;,&quot;autoplay_speed&quot;:5000,&quot;pause_on_hover&quot;:&quot;yes&quot;,&quot;pause_on_interaction&quot;:&quot;yes&quot;,&quot;infinite&quot;:&quot;yes&quot;,&quot;speed&quot;:500,&quot;offset_sides&quot;:&quot;none&quot;,&quot;arrows&quot;:&quot;yes&quot;,&quot;image_spacing_custom&quot;:{&quot;unit&quot;:&quot;px&quot;,&quot;size&quot;:10,&quot;sizes&quot;:[]},&quot;image_spacing_custom_tablet&quot;:{&quot;unit&quot;:&quot;px&quot;,&quot;size&quot;:&quot;&quot;,&quot;sizes&quot;:[]},&quot;image_spacing_custom_mobile&quot;:{&quot;unit&quot;:&quot;px&quot;,&quot;size&quot;:&quot;&quot;,&quot;sizes&quot;:[]}}\" data-widget_type=\"loop-carousel.post\">\n\t\t\t\t<div class=\"elementor-widget-container\">\n\t\t\t\t\t\t\t<div class=\"e-loop-nothing-found-message\">\n\t\t<\/div>\n\t\t\t\t\t\t<\/div>\n\t\t\t\t<\/div>\n\t\t\t\t<\/div>\n\t\t\t\t\t<\/div>\n\t\t\t\t<\/div>\n\t\t\t\t<\/div>\n\t\t\t\t<\/div>\n\t\t\t\t\t\t<\/div>\n\t\t\t\t<\/div>\n\t\t\t\t<\/div>\n\t\t\t\t<\/div>\n\t\t","protected":false},"excerpt":{"rendered":"<p>Previous slide Next slide Campitello di Fassa Aktivit\u00e4ten im Fassatal im Winter Entdecken Sie das Vergn\u00fcgen, Outdoor-Erlebnisse zu erleben Nutzen Sie unsere Kooperationen, um die Gegend dank verschiedener Aktivit\u00e4ten zu erm\u00e4\u00dfigten Preisen auch im Winter zu erleben. Um Ihnen als Gast ein vielf\u00e4ltiges Erlebnisangebot zu bieten, haben wir uns dem Winterprogramm angeschlossen! W\u00e4hlen Sie einfach [&hellip;]<\/p>\n","protected":false},"author":2,"featured_media":0,"parent":0,"menu_order":0,"comment_status":"closed","ping_status":"closed","template":"","meta":{"_acf_changed":false,"footnotes":""},"class_list":["post-5970","page","type-page","status-publish","hentry"],"acf":[],"_links":{"self":[{"href":"https:\/\/www.campingmiravalle.it\/de\/wp-json\/wp\/v2\/pages\/5970","targetHints":{"allow":["GET"]}}],"collection":[{"href":"https:\/\/www.campingmiravalle.it\/de\/wp-json\/wp\/v2\/pages"}],"about":[{"href":"https:\/\/www.campingmiravalle.it\/de\/wp-json\/wp\/v2\/types\/page"}],"author":[{"embeddable":true,"href":"https:\/\/www.campingmiravalle.it\/de\/wp-json\/wp\/v2\/users\/2"}],"replies":[{"embeddable":true,"href":"https:\/\/www.campingmiravalle.it\/de\/wp-json\/wp\/v2\/comments?post=5970"}],"version-history":[{"count":1,"href":"https:\/\/www.campingmiravalle.it\/de\/wp-json\/wp\/v2\/pages\/5970\/revisions"}],"predecessor-version":[{"id":5971,"href":"https:\/\/www.campingmiravalle.it\/de\/wp-json\/wp\/v2\/pages\/5970\/revisions\/5971"}],"wp:attachment":[{"href":"https:\/\/www.campingmiravalle.it\/de\/wp-json\/wp\/v2\/media?parent=5970"}],"curies":[{"name":"wp","href":"https:\/\/api.w.org\/{rel}","templated":true}]}}