{"id":5273,"date":"2023-08-30T12:07:33","date_gmt":"2023-08-30T10:07:33","guid":{"rendered":"https:\/\/www.campingmiravalle.it\/policy-privacy\/"},"modified":"2023-08-30T12:29:53","modified_gmt":"2023-08-30T10:29:53","slug":"policy-privacy","status":"publish","type":"page","link":"https:\/\/www.campingmiravalle.it\/de\/policy-privacy\/","title":{"rendered":"Policy Privacy"},"content":{"rendered":"\t\t<div data-elementor-type=\"wp-page\" data-elementor-id=\"5273\" class=\"elementor elementor-5273 elementor-5189\" data-elementor-post-type=\"page\">\n\t\t\t\t<div class=\"elementor-element elementor-element-7d39f4a e-flex e-con-boxed e-con e-parent\" data-id=\"7d39f4a\" data-element_type=\"container\" data-e-type=\"container\">\n\t\t\t\t\t<div class=\"e-con-inner\">\n\t\t\t\t<div class=\"elementor-element elementor-element-91a13bb elementor-widget elementor-widget-heading\" data-id=\"91a13bb\" data-element_type=\"widget\" data-e-type=\"widget\" data-widget_type=\"heading.default\">\n\t\t\t\t<div class=\"elementor-widget-container\">\n\t\t\t\t\t<h1 class=\"elementor-heading-title elementor-size-default\">Privacy<\/h1>\t\t\t\t<\/div>\n\t\t\t\t<\/div>\n\t\t\t\t<div class=\"elementor-element elementor-element-2a605c1 elementor-widget elementor-widget-text-editor\" data-id=\"2a605c1\" data-element_type=\"widget\" data-e-type=\"widget\" data-widget_type=\"text-editor.default\">\n\t\t\t\t<div class=\"elementor-widget-container\">\n\t\t\t\t\t\t\t\t\t<p>Betroffene Personen: Webseiten-Benutzer<br \/>\nWie vorgeschrieben von der EU-Verordnung 2016\/679 (im Folgenden die \u201eVerordnung\u201c), wird hiermit die Informationspflicht hinsichtlich der Verarbeitung der personenbezogenen Daten von Nutzern der unter den folgenden Adressen abrufbaren Webseiten erf\u00fcllt:\u00a0<strong>www.campingmiravalle.it<\/strong>.<br \/>\nDie vorliegenden Informationen gelten nicht f\u00fcr andere Webseiten, Seiten oder Online-Dienstleistungen, die zwar \u00fcber eventuell auf diesen Seiten ver\u00f6ffentlichten Hyperlinks zug\u00e4nglich sind, sich aber auf externe Ressourcen der Domain des Verantwortlichen beziehen.<br \/>\nEs wird darauf hingewiesen, dass die Datenschutzbestimmungen von Zeit zu Zeit Aktualisierungen erfahren k\u00f6nnen, z.B. wenn neue Leistungen aktiviert werden oder infolge von \u00c4nderungen der Rechtslage; daher wird empfohlen, die Webseite periodisch auf eventuelle Neuigkeiten zu diesem Thema zu \u00fcberpr\u00fcfen. Diese Seite enth\u00e4lt Informationen zu den Verwaltungsmodalit\u00e4ten der Webseite im Hinblick auf die Verarbeitung der personenbezogenen Daten ihrer Benutzer. Es handelt sich um die auch von Art. 13 der EU-Verordnung zum Schutz der Daten von nat\u00fcrlichen Personen vorgesehene Mitteilung zur Verarbeitung der personenbezogenen Daten, und richtet sich an diejenigen, die interagieren mit den Online-Dienstleistungen von\u00a0<strong>Miravalle s.r.l<\/strong>, zug\u00e4nglich auf telematischem Weg unter der Adresse\u00a0<strong>www.campingmiravalle.it<\/strong>; eventuelle weitere Datenverarbeitungen sind erl\u00e4utert in der Datenschutz-Mitteilung und den Cookie-Hinweisen auf der Homepage der offiziellen Webseite\u00a0<strong>www.campingmiravalle.it<\/strong>.<br \/>\nDie Datenschutz-Mitteilung bezieht sich ausschlie\u00dflich auf die Webseite\u00a0<strong>Miravalle s.r.l<\/strong>, und nicht auch auf andere Webseiten, auf die der Benutzer eventuell \u00fcber Links zugreift. Die Datenschutzmitteilung orientiert sich an der Empfehlung Nr. 2\/2001, die die europ\u00e4ische Aufsichtsbeh\u00f6rden zum Schutz von personenbezogenen Daten als laut Art. 29 der Richtlinie 95\/46\/EG einberufene Datenschutzgruppe am 17. Mai 2001 verabschiedet haben, um einige Mindestanforderungen in Bezug auf die Online-Erfassung personenbezogener Daten festzulegen, darunter im Besonderen die Modalit\u00e4ten, Zeiten und Art der Informationen, die die Verantwortlichen der Verarbeitung den Benutzern zukommen lassen m\u00fcssen, wenn diese auf die Webseiten zugreifen, unabh\u00e4ngig von den Zwecken der Verbindung; weiterhin wird Bezug genommen auf sp\u00e4tere Aktualisierungen infolge der Anwendung der DSGVO, sowie auf das Erm\u00e4chtigungsgesetz zur DSGVO.<br \/>\nDer Verantwortliche der Datenverarbeitung<br \/>\nInfolge des Besuchs auf dieser Webseite k\u00f6nnen Daten zu identifizierten oder identifizierbaren Personen verarbeitet werden.<br \/>\nDer Verantwortliche f\u00fcr die Datenverarbeitung ist\u00a0<strong>Miravalle s.r.l<\/strong>, mit Gesch\u00e4ftssitz in\u00a0<strong>Str\u00e8da de Greva, 39 &#8211; 38031 Campitello di Fassa (TN),\u00a0Umsatzsteuer-Nr.:<\/strong><strong>\u00a001888020227.<\/strong><\/p>\n<p>Rechtsgrundlage der Verarbeitung<br \/>\nDie auf dieser Seite angegebenen, personenbezogenen Daten werden verarbeitet von\u00a0<strong>Miravalle s.r.l<\/strong>,, und zwar zur Aus\u00fcbung seiner\/ihrer T\u00e4tigkeit. Einwilligung, Vertragserf\u00fcllung, Einhaltung einer gesetzlichen Verpflichtung, sowie das Verfolgen eines berechtigten Interesses stellen die Rechtsgrundlagen f\u00fcr die Datenverarbeitung bez\u00fcglich der genannten Webseite dar.<br \/>\nOrt der Datenverarbeitung<br \/>\nDie Datenverarbeitung im Zusammenhang mit den Internet-Dienstleistungen dieser Webseite findet in der Europ\u00e4ischen Union statt, wird vom Leistungserbringer Semplify Srl \u00fcbernommen und betreut von technischen Personal der Firma Network Service Srl (Verantwortlicher der Verarbeitung), sowie von Auftragsverarbeitern der Firma Network Service Srl in Bezug auf Aktualisierungs- und Wartungsma\u00dfnahmen. Es werden keine \u00fcber den Internet-Service erhobenen Daten verbreitet. Die von Nutzern, welche Kontaktanfragen \u00fcbermitteln, freiwillig zur Verf\u00fcgung gestellten, personenbezogenen Daten werden nur zu dem Zweck verwendet, die angefragte Leistung zu erbringen, auch falls dies durch externe Leistungserbringer geschieht.<\/p>\n<p>Art der verarbeiteten Daten und Zweck der Verarbeitung<br \/>\nNavigations-Daten<br \/>\nDie Informatik-Systeme und Software-Prozeduren, auf deren Grundlage diese Webseite funktioniert, erheben w\u00e4hrend des normalen Betriebs einige personenbezogene Daten, deren \u00dcbermittlung bei der Verwendung der Internet-Kommunikationsprotokolle implizit ist.<br \/>\nZu dieser Kategorie von Daten geh\u00f6ren IP-Adressen oder Domainnamen der von den Nutzern verwendeten Computern und Endger\u00e4ten, die aufgerufenen URI\/URL (Uniform Resource Identifier\/Locator), die Uhrzeit der Anfrage, die Methode, mit der die Anfrage an den Server weitergeleitet wird, die Dimension der als Antwort erhaltenen Dateien, der Nummerncode, der Auskunft gibt \u00fcber den Stand der Datenantworten vom Server (erfolgreich abgeschlossen, Fehler, usw.), sowie andere Parameter des Betriebssystems und des informatischen Umfelds des Nutzers.<br \/>\nDie Verarbeitung dieser f\u00fcr die Nutzung der Web-Serviceleistungen unerl\u00e4sslichen Daten dient folgenden Zwecken:<br \/>\n\u2022 um statistische Angaben zur Nutzung der Dienstleistungen zu erhalten (meistbesuchte Seiten, Anzahl Besucher nach Zeiten und Wochentagen, geographischer Herkunft usw.)<br \/>\n\u2022 um die korrekte Funktionsweise der angebotenen Leistungen zu \u00fcberwachen<br \/>\nVon Nutzer \u00fcbermittelte Daten<br \/>\nDurch die freiwillige, ausdr\u00fcckliche \u00dcbersendung von Nachrichten an die Kontaktadressen von\u00a0<strong>Miravalle s.r.l<\/strong>,, sowie bei \u00dcbermittlung der ausgef\u00fcllten Webformulare \u00fcber die Webseite\u00a0<strong>www.campingmiravalle.it<\/strong>\u00a0erfolgt die Erhebung der Kontaktdaten des Absenders, welche f\u00fcr eine R\u00fcckantwort notwendig sind, sowie aller in den Mitteilungen enthaltenen, personenbezogenen Daten.<br \/>\nSpezifische Mitteilungen finden sich ver\u00f6ffentlicht auf den Seiten der Webseite\u00a0<strong>www.campingmiravalle.it<\/strong>, die auf bestimmte Leistungen ausgerichtet sind.<br \/>\nCookies und andere Tracking-Methoden<br \/>\nEs werden keine Cookies f\u00fcr ein Profiling der Nutzer verwendet.<br \/>\nBei den verwendeten Cookies handelt es sich um nicht persistente Sitzungs-Cookies, deren Einsatz sich auf das f\u00fcr eine sichere und effiziente Navigation erforderliche Minimum beschr\u00e4nkt. Die Speicherung der Sitzungs-Cookies auf den Endger\u00e4ten oder den Browsern untersteht der Kontrolle des Nutzers, da die Speicherungszeiten der Cookie-Informationen nach Abschluss der HTTP-Sitzungen in den Logs auf den Servern von dem einzelnen Drittverwalter der Dienstleistung abh\u00e4ngen. Zu eventuell \u00fcber die verwendeten Cookies erhobenen Daten und die Modalit\u00e4t derer Verarbeitung geben die Cookie-Hinweise komplett Auskunft.<br \/>\nZur Navigation dienende Daten<br \/>\nDiese Daten werden nur f\u00fcr anonyme statistische Erhebungen zur Nutzung der Webseite verwendet, sowie um deren korrekte Funktionsweise zu \u00fcberpr\u00fcfen. Sie werden gleich nach der Verarbeitung wieder gel\u00f6scht. Die automatisch gesammelten Informationen k\u00f6nnen verwendet werden von\u00a0<strong>Miravalle s.r.l<\/strong>,, um im hypothetischen Fall von Cyberkriminalit\u00e4t gegen die Webseite Aufschluss \u00fcber die Verantwortlichen zu erhalten, zu statistischen Zwecken, und um die Navigation und die Inhalte der Webseite zu verbessern. Zu eventuell \u00fcber die verwendeten Cookies erhobenen Daten geben die Cookie-Hinweise im Detail Auskunft.<br \/>\nFreiwillig vom Nutzer \u00fcbermittelte Daten<br \/>\nDie freiwillige, ausdr\u00fcckliche \u00dcbermittlung der in den entsprechenden Formularen angegebenen Daten, bzw. das Versenden von E-Mail-Nachrichten an die auf dieser Webseite wiedergegebenen Adressen hat zur Folge, dass die Adresse des Absenders, welche f\u00fcr eine R\u00fcckantwort notwendig ist, sowie alle in den Mitteilungen enthaltenen, personenbezogenen Daten, erfasst werden. Bitte beachten Sie, dass die personenbezogenen Daten und\/oder Firmendaten, die in dem Webformular der Webseite\u00a0<strong>www.campingmiravalle.it<\/strong>, angegeben werden, gesch\u00fctzt werden von\u00a0<strong>Miravalle s.r.l<\/strong>,\u00a0und verwendet werden, um auf Fragen des Nutzers zu antworten, Informationen zu geben und die angefragten Leistungen zu erbringen.<\/p>\n<p>Freiwilligkeit der Daten\u00fcbermittlung<\/p>\n<p>Abgesehen von dem, was f\u00fcr die Navigationsdaten gilt, steht es dem Nutzer frei, personenbezogene Daten in den Informationsformularen an\u00a0<strong>Miravalle s.r.l<\/strong>,, anzugeben; bei jeder Anfrage nach diesen Daten werden die entsprechenden Datenschutzmitteilungen gemacht und, falls erforderlich, eine Einwilligung eingeholt.<\/p>\n<p>Modalit\u00e4t der Verarbeitung<br \/>\nDie personenbezogenen Daten werden mit automatisierten Hilfsmitteln verarbeitet, und nur so lange gespeichert, wie es f\u00fcr die Erf\u00fcllung der Zwecke, zu denen sie erhoben wurden, unbedingt notwendig ist. Dabei werden spezifische Sicherheitsma\u00dfnahmen eingehalten, um den Verlust der Daten oder deren unrechtm\u00e4\u00dfige oder unkorrekte Verwendung, sowie unbefugte Zugriffe zu verhindern. Wir m\u00f6chten Sie informieren, dass, um die Dienstleistung vollst\u00e4ndig zu erbringen, Links zu anderen, von Dritten verwalteten Webseiten bestehen. F\u00fcr solche, nicht von uns verwaltete Webseiten wird keine Haftung \u00fcbernommen in Bezug auf Fehler, Inhalte, Cookies, Ver\u00f6ffentlichungen mit unerlaubten sittenwidrigen Inhalten, Werbung, Banner oder Dateien, die nicht den geltenden Vorschriften und den Datenschutzbestimmungen entsprechen.<br \/>\nDatenempf\u00e4nger<br \/>\nDie Empf\u00e4nger der erhobenen Daten infolge der Navigation auf den oben aufgef\u00fchrten Webseiten werden als solche bestimmt von\u00a0<strong>Miravalle s.r.l.<\/strong>, und zwar als Auftragsverarbeiter gem\u00e4\u00df Artikel 28 der Verordnung.<br \/>\nNetwork Service srl als Dienstleister im Bereich Entwicklung und Wartung der Internet-Plattform<br \/>\nSemplify srl in Bezug auf die Webseite, als Leistungserbringer f\u00fcr die Entwicklung, Ausf\u00fchrung und praktische Verwaltung der verwendeten technologischen Plattformen.<br \/>\nDie erhobenen personenbezogenen Daten werden zudem verarbeitet von Mitarbeitern von\u00a0<strong>Miravalle s.r.l.<\/strong>, die nach spezifischen Anweisungen zu Zwecken und Modalit\u00e4ten der Datenverarbeitung handeln.<br \/>\nDaten\u00fcbermittlung ins Ausland<br \/>\nDrittl\u00e4nder: Die Daten werden nicht an L\u00e4nder au\u00dferhalb der EU weitergegeben.<br \/>\nRechte der betroffenen Person<br \/>\nIhnen steht das Recht zu, vom Verantwortlichen die L\u00f6schung der Daten zu verlangen (das eventuelle Recht auf Vergessenwerden), sowie die Einschr\u00e4nkung, Aktualisierung, Berichtigung und Daten\u00fcbertragbarkeit; au\u00dferdem k\u00f6nnen Sie Widerspruch gegen die Verarbeitung der Sie betreffenden, personenbezogenen Daten einlegen und im Allgemeinen alle Rechte, die von den Artikeln 15, 16, 17, 18, 19, 20, 21, 22 der DSGVO vorgesehen sind, geltend machen, sofern anwendbar zum Zweck der Datenverarbeitung.<\/p>\n<p>EU-Verordnung 2016\/679: Art. 15, 16, 17, 18, 19, 20, 21, 22 \u2013<br \/>\n\u2022 Die betroffene Person hat das Recht, eine Best\u00e4tigung dar\u00fcber zu erhalten, ob sie betreffende personenbezogene Daten verarbeitet werden (auch falls diese noch nicht registriert sind), sowie die entsprechende Mitteilung in verst\u00e4ndlicher Form.<\/p>\n<p>\u2022 Die betroffene Person hat das Recht, informiert zu werden \u00fcber:<br \/>\na. die Herkunft der personenbezogenen Daten<br \/>\nb. die Zwecke und die Modalit\u00e4ten der Datenverarbeitung<br \/>\nc. der angewendeten Logik bei Verarbeitung mithilfe von elektronischen Instrumenten<br \/>\nd. die Identit\u00e4tsdaten des Verantwortlichen, der Auftragsverarbeiter und Vertreter, ernannt im Sinne von Artikel 5, Abs. 2<br \/>\ne. die Empf\u00e4nger bzw. Kategorien von Empf\u00e4ngern, denen die personenbezogenen Daten mitgeteilt werden k\u00f6nnen, oder die Kenntnis davon erhalten k\u00f6nnen in ihrer Eigenschaft als auf dem Staatsgebiet ernannte Vertreter, Verantwortliche oder Auftragsverarbeiter<\/p>\n<p>\u2022 Die betroffene Person hat das Recht auf:<br \/>\na. die Aktualisierung, die Berichtigung und, sofern dies in ihrem Interesse liegt, die Erg\u00e4nzung der Daten<br \/>\nb. die L\u00f6schung, die Anonymisierung und Sperre, falls die Daten vorschriftwidrig verarbeitet wurden; dies gilt auch f\u00fcr Daten, die f\u00fcr den Zweck, zu welchem sie erhoben und verarbeitet wurden, nicht gespeichert werden m\u00fcssen<br \/>\nc. Best\u00e4tigung, dass \u00fcber die unter a) und b) beschriebenen Vorg\u00e4nge, auch in Bezug auf ihren Inhalt, Mitteilung gemacht wird an all diejenigen, an die die Daten mitgeteilt oder verbreitet worden sind, au\u00dfer im Fall, dass die Ausf\u00fchrung einer solchen Handlung sich als unm\u00f6glich erweist oder der Aufwand unverh\u00e4ltnism\u00e4\u00dfig hoch ist im Vergleich zum zu wahrenden Recht<br \/>\nd. die \u00dcbertragbarkeit der Daten<\/p>\n<p>\u2022 Die betroffene Person hat das Recht, sich (ganz oder teilweise) zu widersetzen:<br \/>\na. der Verarbeitung der sie betreffenden personenbezogenen Daten, aus rechtm\u00e4\u00dfigen Gr\u00fcnden, auch wenn diese den Zweck der Datenerhebung erf\u00fcllen<br \/>\nb. der Verarbeitung der sie betreffenden personenbezogenen Daten zu Zwecken des Verschickens von Werbematerial oder Material f\u00fcr den Direktverkauf bzw. f\u00fcr Marktforschung oder kommerzielle Kommunikation.<br \/>\nRecht auf Beschwerde<br \/>\nBetroffene Personen, die in Bezug auf die Verarbeitung der sie betreffenden, personenbezogenen Daten im Zusammenhang mit dieser Webseite eine Verletzung der Datenschutzverordnung sehen, haben das Recht auf Beschwerde bei der Aufsichtsbeh\u00f6rde dem \u201eGarante\u201c) wie vorgesehen von Art. 77 der Verordnung, sowie auf einen wirksamen gerichtlichen Rechtsbehelf (Art. 79 der Verordnung).<\/p>\n\t\t\t\t\t\t\t\t<\/div>\n\t\t\t\t<\/div>\n\t\t\t\t<div class=\"elementor-element elementor-element-51acc75 elementor-widget elementor-widget-heading\" data-id=\"51acc75\" data-element_type=\"widget\" data-e-type=\"widget\" data-widget_type=\"heading.default\">\n\t\t\t\t<div class=\"elementor-widget-container\">\n\t\t\t\t\t<h2 class=\"elementor-heading-title elementor-size-default\">Cookie Policy<\/h2>\t\t\t\t<\/div>\n\t\t\t\t<\/div>\n\t\t\t\t<div class=\"elementor-element elementor-element-8081da9 elementor-widget elementor-widget-text-editor\" data-id=\"8081da9\" data-element_type=\"widget\" data-e-type=\"widget\" data-widget_type=\"text-editor.default\">\n\t\t\t\t<div class=\"elementor-widget-container\">\n\t\t\t\t\t\t\t\t\t<p>Was sind \u00fcberhaupt Cookies?<\/p>\n<p>Cookie sind kleine Textdateien (wenige Bytes), die zwischen einer Webseite und Ihrem Browser ausgetauscht werden und normalerweise dem Verwalter der Webseite zum Speichern von Informationen dienen, die zu einer verbesserten Navigation innerhalb der Seite beitragen.<br \/>\n<strong>Miravalle s.r.l.<\/strong>, als Verantwortlicher f\u00fcr die Verarbeitung Ihrer personenbezogenen Daten, verwaltet die Cookies gem\u00e4\u00df der Richtlinie 2002\/58\/EG des Europ\u00e4ischen Parlaments und des Rates vom 12. Juli 2002 \u00fcber die Verarbeitung personenbezogener Daten und den Schutz der Privatsph\u00e4re in der elektronischen Kommunikation (Datenschutzrichtlinie f\u00fcr Privatsph\u00e4re und elektronische Kommunikation), wobei die Datenverarbeitung folgende Zwecke hat:<\/p>\n<p>Um die Navigation auf der Webseite zu erm\u00f6glichen, werden folgende Cookie-Arten verwendet:<\/p>\n<p>\u2022 \u201etechnische\u201c Cookies: technischer, funktionaler Zugriff auf die Webseite (nach Schlie\u00dfen des Browsers werden keine Daten abgespeichert)<br \/>\n\u2022 Sitzungs-Cookies: zur fortgeschrittenen Navigation oder personalisierte Verwaltung der Inhalte<br \/>\n\u2022 Analytische Cookies: statistische und analytische Erhebungen zur Navigation und den Benutzern<\/p>\n<p>Die Verarbeitung der zur Erf\u00fcllung dieser Pflichten dienlichen Daten ist erforderlich f\u00fcr eine korrekte Navigation der Webseite, und die Datenabgabe ist notwendig und obligatorisch, um die oben genannten Zwecke zu erf\u00fcllen. Eine mangelnde Erfassung dieser Daten k\u00f6nnte es unm\u00f6glich machen, die Navigation auf der Webseite zu garantieren.<br \/>\n\u2022 Werbe-Cookies von Dritten (ohne Profiling)<\/p>\n<p>Durch solche Cookies kann ein Informationsaustausch stattfinden und die Navigation des Benutzers, welcher f\u00fcr eine der vorhandenen Dienstleistungen registriert ist, nachverfolgt werden. Die Vorgehensweise zum Deaktivieren der Cookies wird im Folgenden beschrieben; zudem k\u00f6nnen sie \u00fcber die einzelnen Links deaktiviert werden.<br \/>\nModalit\u00e4t der Datenverarbeitung: Ihre personenbezogenen Daten k\u00f6nnen verarbeitet werden mithilfe von elektronischen Rechnern, unter Verwendung von Softwaresystemen, die entweder von Dritten verwaltet oder direkt programmiert werden. Die Verarbeitung zu statistisch-analytischen Zwecken erfolgt vor\u00fcbergehend und in anonymer Form. Eine eventuelle Datenverarbeitung mithilfe von Drittanbieter-Cookies erfolgt nach den in der Datenschutzmitteilung und den Cookie-Hinweisen wiedergegebenen Modalit\u00e4ten.<\/p>\n<p>Ihre Daten werden ausschlie\u00dflich von Mitarbeitern verarbeitet, die vom Verantwortlichen der Datenverarbeitung bzw. dem Auftragsbearbeiter ausdr\u00fccklich dazu befugt und beauftragt worden sind; im Besonderen von folgenden Kategorien von Auftragsbearbeitern:<\/p>\n<p>\u2022 beauftragte Web-Techniker<br \/>\n\u2022 Empf\u00e4ngern von externen Zulieferfirmen, die mit technischen Diensten betraut sind<br \/>\nWeiterverbreitung: Ihre personenbezogenen Daten werden auf keinste Weise weiterverbreitet.<\/p>\n<p>Verwaltung der Cookies und deren Deaktivierung:<\/p>\n<p>Falls bei Ihnen Zweifel bez\u00fcglich der Verwendung der Cookies aufkommen, k\u00f6nnen Sie jederzeit bewirken, dass diese nicht angenommen und gelesen werden, z.B. indem Sie die Datenschutzeinstellungen in Ihrem Browser so \u00e4ndern, dass gewisse Cookie-Arten blockiert werden.<br \/>\nDa die Browserarten \u2013 und oft sogar die einzelnen Versionen des gleichen Browsers \u2013 sich zum Teil deutlich voneinander unterscheiden, sollten Sie, falls Sie selbst\u00e4ndig Browsereinstellungen vornehmen wollen, im jeweiligen Handbuch nachschauen, wie genau vorzugehen ist. Eine \u00dcbersicht zu den Modalit\u00e4ten der h\u00e4ufigsten Browser findet man auf www.cookiepedia.co.uk.<br \/>\nAuf Ihren Wunsch erm\u00f6glichen es die Werbegesellschaften, den Erhalt von gezielten Annoncen abzulehnen. Damit werden die Cookies nicht abgelehnt, sondern die Erhebung und Verwendung einer Daten von Seiten solcher Firmen unterbrochen. Jeder einzelne Cookie kann ausgehend von den Links in der \u201eTabelle der Cookies\u201c blockiert werden.<\/p>\n<p>F\u00fcr weitere Informationen und die M\u00f6glichkeit der Ablehnung besuchen Sie die Seite www.youronlinechoices.eu<\/p>\n\t\t\t\t\t\t\t\t<\/div>\n\t\t\t\t<\/div>\n\t\t\t\t\t<\/div>\n\t\t\t\t<\/div>\n\t\t\t\t<\/div>\n\t\t","protected":false},"excerpt":{"rendered":"<p>Privacy Betroffene Personen: Webseiten-Benutzer Wie vorgeschrieben von der EU-Verordnung 2016\/679 (im Folgenden die \u201eVerordnung\u201c), wird hiermit die Informationspflicht hinsichtlich der Verarbeitung der personenbezogenen Daten von Nutzern der unter den folgenden Adressen abrufbaren Webseiten erf\u00fcllt:\u00a0www.campingmiravalle.it. Die vorliegenden Informationen gelten nicht f\u00fcr andere Webseiten, Seiten oder Online-Dienstleistungen, die zwar \u00fcber eventuell auf diesen Seiten ver\u00f6ffentlichten Hyperlinks zug\u00e4nglich [&hellip;]<\/p>\n","protected":false},"author":2,"featured_media":0,"parent":0,"menu_order":0,"comment_status":"closed","ping_status":"closed","template":"","meta":{"_acf_changed":false,"footnotes":""},"class_list":["post-5273","page","type-page","status-publish","hentry"],"acf":[],"_links":{"self":[{"href":"https:\/\/www.campingmiravalle.it\/de\/wp-json\/wp\/v2\/pages\/5273","targetHints":{"allow":["GET"]}}],"collection":[{"href":"https:\/\/www.campingmiravalle.it\/de\/wp-json\/wp\/v2\/pages"}],"about":[{"href":"https:\/\/www.campingmiravalle.it\/de\/wp-json\/wp\/v2\/types\/page"}],"author":[{"embeddable":true,"href":"https:\/\/www.campingmiravalle.it\/de\/wp-json\/wp\/v2\/users\/2"}],"replies":[{"embeddable":true,"href":"https:\/\/www.campingmiravalle.it\/de\/wp-json\/wp\/v2\/comments?post=5273"}],"version-history":[{"count":1,"href":"https:\/\/www.campingmiravalle.it\/de\/wp-json\/wp\/v2\/pages\/5273\/revisions"}],"predecessor-version":[{"id":5274,"href":"https:\/\/www.campingmiravalle.it\/de\/wp-json\/wp\/v2\/pages\/5273\/revisions\/5274"}],"wp:attachment":[{"href":"https:\/\/www.campingmiravalle.it\/de\/wp-json\/wp\/v2\/media?parent=5273"}],"curies":[{"name":"wp","href":"https:\/\/api.w.org\/{rel}","templated":true}]}}